{"id":32,"date":"2023-06-23T00:36:17","date_gmt":"2023-06-22T22:36:17","guid":{"rendered":"https:\/\/www.centrocontigo.com\/?page_id=32"},"modified":"2023-07-17T07:40:54","modified_gmt":"2023-07-17T05:40:54","slug":"testimonios","status":"publish","type":"page","link":"https:\/\/www.centrocontigo.com\/index.php\/testimonios\/","title":{"rendered":"Testimonios"},"content":{"rendered":"\n<ul class=\"wp-block-list\">\n<li>\u00abExcelente profesional. Atenci\u00f3n personalizada. La cl\u00ednica te ofrece un servicio integral \u00fanico en Madrid. Es m\u00e1s que un centro pedi\u00e1trico. Recomendable 100%\u00bb CP<\/li>\n\n\n\n<li>\u00abGran equipo. S\u00faper familiar y atenci\u00f3n inmediata. Cuidan de los reci\u00e9n nacidos como en ning\u00fan otro sitio\u00bb MF<\/li>\n\n\n\n<li>\u00abLa mejor Neonat\u00f3loga del mundo. Trabaja la alimentaci\u00f3n del reci\u00e9n nacido como nadie\u00bb PC<\/li>\n<\/ul>\n","protected":false},"excerpt":{"rendered":"","protected":false},"author":1,"featured_media":0,"parent":0,"menu_order":0,"comment_status":"closed","ping_status":"closed","template":"","meta":{"footnotes":""},"class_list":["post-32","page","type-page","status-publish","hentry"],"_links":{"self":[{"href":"https:\/\/www.centrocontigo.com\/index.php\/wp-json\/wp\/v2\/pages\/32","targetHints":{"allow":["GET"]}}],"collection":[{"href":"https:\/\/www.centrocontigo.com\/index.php\/wp-json\/wp\/v2\/pages"}],"about":[{"href":"https:\/\/www.centrocontigo.com\/index.php\/wp-json\/wp\/v2\/types\/page"}],"author":[{"embeddable":true,"href":"https:\/\/www.centrocontigo.com\/index.php\/wp-json\/wp\/v2\/users\/1"}],"replies":[{"embeddable":true,"href":"https:\/\/www.centrocontigo.com\/index.php\/wp-json\/wp\/v2\/comments?post=32"}],"version-history":[{"count":2,"href":"https:\/\/www.centrocontigo.com\/index.php\/wp-json\/wp\/v2\/pages\/32\/revisions"}],"predecessor-version":[{"id":394,"href":"https:\/\/www.centrocontigo.com\/index.php\/wp-json\/wp\/v2\/pages\/32\/revisions\/394"}],"wp:attachment":[{"href":"https:\/\/www.centrocontigo.com\/index.php\/wp-json\/wp\/v2\/media?parent=32"}],"curies":[{"name":"wp","href":"https:\/\/api.w.org\/{rel}","templated":true}]}}