{"id":22,"date":"2023-06-23T00:35:00","date_gmt":"2023-06-22T22:35:00","guid":{"rendered":"https:\/\/www.centrocontigo.com\/?page_id=22"},"modified":"2025-10-29T20:43:19","modified_gmt":"2025-10-29T19:43:19","slug":"servicios","status":"publish","type":"page","link":"https:\/\/www.centrocontigo.com\/index.php\/servicios\/","title":{"rendered":"Servicios"},"content":{"rendered":"\t\t<div data-elementor-type=\"wp-page\" data-elementor-id=\"22\" class=\"elementor elementor-22\" data-elementor-post-type=\"page\">\n\t\t\t\t\t\t<section class=\"elementor-section elementor-top-section elementor-element elementor-element-854136b elementor-section-boxed elementor-section-height-default elementor-section-height-default\" data-id=\"854136b\" data-element_type=\"section\">\n\t\t\t\t\t\t<div class=\"elementor-container elementor-column-gap-default\">\n\t\t\t\t\t<div class=\"elementor-column elementor-col-100 elementor-top-column elementor-element elementor-element-8d23c4c\" data-id=\"8d23c4c\" data-element_type=\"column\">\n\t\t\t<div class=\"elementor-widget-wrap elementor-element-populated\">\n\t\t\t\t\t\t<div class=\"elementor-element elementor-element-4442c0f elementor-position-left elementor-vertical-align-middle elementor-widget elementor-widget-image-box\" data-id=\"4442c0f\" data-element_type=\"widget\" data-widget_type=\"image-box.default\">\n\t\t\t\t<div class=\"elementor-widget-container\">\n\t\t\t\t\t<div class=\"elementor-image-box-wrapper\"><figure class=\"elementor-image-box-img\"><img fetchpriority=\"high\" decoding=\"async\" width=\"1536\" height=\"1024\" src=\"https:\/\/www.centrocontigo.com\/wp-content\/uploads\/2025\/10\/ChatGPT-Image-22-oct-2025-11_44_10.png\" class=\"attachment-full size-full wp-image-586\" alt=\"\" srcset=\"https:\/\/www.centrocontigo.com\/wp-content\/uploads\/2025\/10\/ChatGPT-Image-22-oct-2025-11_44_10.png 1536w, https:\/\/www.centrocontigo.com\/wp-content\/uploads\/2025\/10\/ChatGPT-Image-22-oct-2025-11_44_10-300x200.png 300w, https:\/\/www.centrocontigo.com\/wp-content\/uploads\/2025\/10\/ChatGPT-Image-22-oct-2025-11_44_10-1024x683.png 1024w, https:\/\/www.centrocontigo.com\/wp-content\/uploads\/2025\/10\/ChatGPT-Image-22-oct-2025-11_44_10-768x512.png 768w\" sizes=\"(max-width: 1536px) 100vw, 1536px\" \/><\/figure><div class=\"elementor-image-box-content\"><h3 class=\"elementor-image-box-title\">Asesoramiento prenatal.<\/h3><p class=\"elementor-image-box-description\">Durante el embarazo, y especialmente en embarazos de riesgo, es fundamental contar con una orientaci\u00f3n adecuada. A trav\u00e9s de nuestra <strong data-start=\"259\" data-end=\"280\">consulta prenatal<\/strong> ofrecemos un acompa\u00f1amiento y asesoramiento especializado para cuidar del bienestar del beb\u00e9 y de toda la familia antes, durante y despu\u00e9s del nacimiento. Entendemos el embarazo como una experiencia compartida, por eso ofrecemos una atenci\u00f3n integral, cercana y centrada en la familia\n<\/p><\/div><\/div>\t\t\t\t<\/div>\n\t\t\t\t<\/div>\n\t\t\t\t<div class=\"elementor-element elementor-element-995f1d5 elementor-position-left elementor-vertical-align-middle elementor-widget elementor-widget-image-box\" data-id=\"995f1d5\" data-element_type=\"widget\" data-widget_type=\"image-box.default\">\n\t\t\t\t<div class=\"elementor-widget-container\">\n\t\t\t\t\t<div class=\"elementor-image-box-wrapper\"><figure class=\"elementor-image-box-img\"><img decoding=\"async\" width=\"1536\" height=\"1024\" src=\"https:\/\/www.centrocontigo.com\/wp-content\/uploads\/2025\/10\/ChatGPT-Image-22-oct-2025-11_47_04.png\" class=\"attachment-full size-full wp-image-585\" alt=\"\" srcset=\"https:\/\/www.centrocontigo.com\/wp-content\/uploads\/2025\/10\/ChatGPT-Image-22-oct-2025-11_47_04.png 1536w, https:\/\/www.centrocontigo.com\/wp-content\/uploads\/2025\/10\/ChatGPT-Image-22-oct-2025-11_47_04-300x200.png 300w, https:\/\/www.centrocontigo.com\/wp-content\/uploads\/2025\/10\/ChatGPT-Image-22-oct-2025-11_47_04-1024x683.png 1024w, https:\/\/www.centrocontigo.com\/wp-content\/uploads\/2025\/10\/ChatGPT-Image-22-oct-2025-11_47_04-768x512.png 768w\" sizes=\"(max-width: 1536px) 100vw, 1536px\" \/><\/figure><div class=\"elementor-image-box-content\"><h3 class=\"elementor-image-box-title\">Seguimiento del reci\u00e9n nacido y ni\u00f1o hasta la adolescencia.<\/h3><p class=\"elementor-image-box-description\">Acompa\u00f1amos a las familias en el crecimiento de sus hijos desde los primeros d\u00edas de vida.<br data-start=\"442\" data-end=\"445\">\nCada etapa del desarrollo supone un nuevo desaf\u00edo. En <strong data-start=\"499\" data-end=\"517\">Centro Contigo<\/strong> contamos con un calendario de revisiones estandarizado para evaluar la salud, el crecimiento y el desarrollo psicomotor y emocional del ni\u00f1o. Nuestro compromiso es ofrecerte la tranquilidad y la confianza necesarias para que te sientas seguro y acompa\u00f1ado en el cuidado de tu hijo.<\/p><\/div><\/div>\t\t\t\t<\/div>\n\t\t\t\t<\/div>\n\t\t\t\t<div class=\"elementor-element elementor-element-14d0ebe elementor-position-left elementor-vertical-align-middle elementor-widget elementor-widget-image-box\" data-id=\"14d0ebe\" data-element_type=\"widget\" data-widget_type=\"image-box.default\">\n\t\t\t\t<div class=\"elementor-widget-container\">\n\t\t\t\t\t<div class=\"elementor-image-box-wrapper\"><figure class=\"elementor-image-box-img\"><img decoding=\"async\" width=\"618\" height=\"406\" src=\"https:\/\/www.centrocontigo.com\/wp-content\/uploads\/2025\/10\/Captura-de-pantalla-2025-10-15-a-las-9.14.14.png\" class=\"attachment-full size-full wp-image-511\" alt=\"\" srcset=\"https:\/\/www.centrocontigo.com\/wp-content\/uploads\/2025\/10\/Captura-de-pantalla-2025-10-15-a-las-9.14.14.png 618w, https:\/\/www.centrocontigo.com\/wp-content\/uploads\/2025\/10\/Captura-de-pantalla-2025-10-15-a-las-9.14.14-300x197.png 300w\" sizes=\"(max-width: 618px) 100vw, 618px\" \/><\/figure><div class=\"elementor-image-box-content\"><h3 class=\"elementor-image-box-title\">Seguimiento y apoyo a la lactancia materna.<\/h3><p class=\"elementor-image-box-description\">En <strong data-start=\"120\" data-end=\"138\">Centro Contigo<\/strong> sabemos que la lactancia materna es fundamental para la salud y el bienestar del beb\u00e9, pero tambi\u00e9n que no siempre resulta f\u00e1cil. A veces surgen dificultades por falta de informaci\u00f3n, expectativas poco realistas o factores tanto de la madre como del reci\u00e9n nacido.<br data-start=\"403\" data-end=\"406\">\nNuestro equipo ofrece <strong data-start=\"428\" data-end=\"476\">asesoramiento y acompa\u00f1amiento personalizado<\/strong> para identificar el origen de los problemas y favorecer una lactancia placentera y duradera, desde el inicio hasta el destete.<\/p><\/div><\/div>\t\t\t\t<\/div>\n\t\t\t\t<\/div>\n\t\t\t\t<div class=\"elementor-element elementor-element-bed1748 elementor-position-left elementor-vertical-align-middle elementor-widget elementor-widget-image-box\" data-id=\"bed1748\" data-element_type=\"widget\" data-widget_type=\"image-box.default\">\n\t\t\t\t<div class=\"elementor-widget-container\">\n\t\t\t\t\t<div class=\"elementor-image-box-wrapper\"><figure class=\"elementor-image-box-img\"><img loading=\"lazy\" decoding=\"async\" width=\"616\" height=\"406\" src=\"https:\/\/www.centrocontigo.com\/wp-content\/uploads\/2025\/10\/Captura-de-pantalla-2025-10-15-a-las-8.55.01.png\" class=\"attachment-full size-full wp-image-508\" alt=\"\" srcset=\"https:\/\/www.centrocontigo.com\/wp-content\/uploads\/2025\/10\/Captura-de-pantalla-2025-10-15-a-las-8.55.01.png 616w, https:\/\/www.centrocontigo.com\/wp-content\/uploads\/2025\/10\/Captura-de-pantalla-2025-10-15-a-las-8.55.01-300x198.png 300w\" sizes=\"(max-width: 616px) 100vw, 616px\" \/><\/figure><div class=\"elementor-image-box-content\"><h3 class=\"elementor-image-box-title\">Servicio de Medicina de Familia<\/h3><p class=\"elementor-image-box-description\">En la <strong data-start=\"269\" data-end=\"320\">Unidad de Medicina de Familia <\/strong> de Centro Contigo contamos con un equipo especializado en ofrecer una atenci\u00f3n integral a toda la familia.<br data-start=\"409\" data-end=\"412\">\nAbordamos la prevenci\u00f3n, el diagn\u00f3stico y el tratamiento de una amplia variedad de enfermedades, y ofrecemos atenci\u00f3n inmediata ante patolog\u00edas comunes \u2014como fiebre, bronquitis o asma\u2014 con un enfoque siempre cercano y personalizado.<\/p><\/div><\/div>\t\t\t\t<\/div>\n\t\t\t\t<\/div>\n\t\t\t\t<div class=\"elementor-element elementor-element-07b4eaa elementor-position-left elementor-vertical-align-middle elementor-widget elementor-widget-image-box\" data-id=\"07b4eaa\" data-element_type=\"widget\" data-widget_type=\"image-box.default\">\n\t\t\t\t<div class=\"elementor-widget-container\">\n\t\t\t\t\t<div class=\"elementor-image-box-wrapper\"><figure class=\"elementor-image-box-img\"><img loading=\"lazy\" decoding=\"async\" width=\"610\" height=\"398\" src=\"https:\/\/www.centrocontigo.com\/wp-content\/uploads\/2025\/10\/Captura-de-pantalla-2025-10-15-a-las-21.41.31.png\" class=\"attachment-full size-full wp-image-518\" alt=\"\" srcset=\"https:\/\/www.centrocontigo.com\/wp-content\/uploads\/2025\/10\/Captura-de-pantalla-2025-10-15-a-las-21.41.31.png 610w, https:\/\/www.centrocontigo.com\/wp-content\/uploads\/2025\/10\/Captura-de-pantalla-2025-10-15-a-las-21.41.31-300x196.png 300w\" sizes=\"(max-width: 610px) 100vw, 610px\" \/><\/figure><div class=\"elementor-image-box-content\"><h3 class=\"elementor-image-box-title\">Centro oficial de vacunaci\u00f3n de la Comunidad de Madrid. <\/h3><p class=\"elementor-image-box-description\"><strong data-start=\"238\" data-end=\"267\">Centro oficial autorizado<\/strong> para la administraci\u00f3n de todas las vacunas financiadas del calendario de vacunaci\u00f3n y de las complementarias.<br data-start=\"378\" data-end=\"381\">\nOfrecemos un <strong data-start=\"394\" data-end=\"445\">seguimiento personalizado, seguro y actualizado<\/strong>, conforme a las recomendaciones de salud infantil.<\/p><\/div><\/div>\t\t\t\t<\/div>\n\t\t\t\t<\/div>\n\t\t\t\t<div class=\"elementor-element elementor-element-b2bd447 elementor-position-left elementor-vertical-align-middle elementor-widget elementor-widget-image-box\" data-id=\"b2bd447\" data-element_type=\"widget\" data-widget_type=\"image-box.default\">\n\t\t\t\t<div class=\"elementor-widget-container\">\n\t\t\t\t\t<div class=\"elementor-image-box-wrapper\"><figure class=\"elementor-image-box-img\"><img loading=\"lazy\" decoding=\"async\" width=\"760\" height=\"396\" src=\"https:\/\/www.centrocontigo.com\/wp-content\/uploads\/2025\/10\/Captura-de-pantalla-2025-10-15-a-las-22.03.11.png\" class=\"attachment-full size-full wp-image-520\" alt=\"\" srcset=\"https:\/\/www.centrocontigo.com\/wp-content\/uploads\/2025\/10\/Captura-de-pantalla-2025-10-15-a-las-22.03.11.png 760w, https:\/\/www.centrocontigo.com\/wp-content\/uploads\/2025\/10\/Captura-de-pantalla-2025-10-15-a-las-22.03.11-300x156.png 300w\" sizes=\"(max-width: 760px) 100vw, 760px\" \/><\/figure><div class=\"elementor-image-box-content\"><h3 class=\"elementor-image-box-title\">Servicio de enfermer\u00eda pedi\u00e1trica.  <\/h3><p class=\"elementor-image-box-description\">Contamos con una <strong data-start=\"376\" data-end=\"413\">consulta de alimentaci\u00f3n infantil<\/strong> coordinada por una enfermera especialista, que acompa\u00f1a a las familias en la nutrici\u00f3n de sus hijos desde la lactancia hasta la <strong data-start=\"542\" data-end=\"571\">introducci\u00f3n de alimentos y posibles problemas posteriores<\/strong>.<br data-start=\"572\" data-end=\"575\">\nAdem\u00e1s de ofrecer orientaci\u00f3n y seguimiento individualizado sobre alimentaci\u00f3n y h\u00e1bitos saludables, nuestra enfermera coordina visitas, revisa calendarios de vacunaci\u00f3n y realiza un seguimiento integral del bienestar del ni\u00f1o y su familia. Todo ello con un enfoque cercano y profesional, pensado para dar tranquilidad y confianza a las familias.<\/p><\/div><\/div>\t\t\t\t<\/div>\n\t\t\t\t<\/div>\n\t\t\t\t<div class=\"elementor-element elementor-element-16828c0 elementor-position-left elementor-vertical-align-middle elementor-widget elementor-widget-image-box\" data-id=\"16828c0\" data-element_type=\"widget\" data-widget_type=\"image-box.default\">\n\t\t\t\t<div class=\"elementor-widget-container\">\n\t\t\t\t\t<div class=\"elementor-image-box-wrapper\"><figure class=\"elementor-image-box-img\"><img loading=\"lazy\" decoding=\"async\" width=\"830\" height=\"530\" src=\"https:\/\/www.centrocontigo.com\/wp-content\/uploads\/2025\/10\/Captura-de-pantalla-2025-10-15-a-las-22.19.57.png\" class=\"attachment-full size-full wp-image-521\" alt=\"\" srcset=\"https:\/\/www.centrocontigo.com\/wp-content\/uploads\/2025\/10\/Captura-de-pantalla-2025-10-15-a-las-22.19.57.png 830w, https:\/\/www.centrocontigo.com\/wp-content\/uploads\/2025\/10\/Captura-de-pantalla-2025-10-15-a-las-22.19.57-300x192.png 300w, https:\/\/www.centrocontigo.com\/wp-content\/uploads\/2025\/10\/Captura-de-pantalla-2025-10-15-a-las-22.19.57-768x490.png 768w\" sizes=\"(max-width: 830px) 100vw, 830px\" \/><\/figure><div class=\"elementor-image-box-content\"><h3 class=\"elementor-image-box-title\">Fisioterapia infantil.<\/h3><p class=\"elementor-image-box-description\">Servicio de <strong data-start=\"288\" data-end=\"313\">fisioterapia infantil<\/strong> especializado en las necesidades de cada ni\u00f1o. Nuestro equipo acompa\u00f1a a las familias en el cuidado y recuperaci\u00f3n de los m\u00e1s peque\u00f1os, abordando desde <strong data-start=\"466\" data-end=\"494\">patolog\u00edas respiratorias<\/strong> mediante fisioterapia respiratoria, la <strong data-start=\"534\" data-end=\"566\">correcci\u00f3n de plagiocefalias<\/strong>, hasta el seguimiento del <strong data-start=\"593\" data-end=\"612\">neurodesarrollo<\/strong> y otras necesidades espec\u00edficas.<\/p><\/div><\/div>\t\t\t\t<\/div>\n\t\t\t\t<\/div>\n\t\t\t\t<div class=\"elementor-element elementor-element-e3506c6 elementor-position-left elementor-vertical-align-middle elementor-widget elementor-widget-image-box\" data-id=\"e3506c6\" data-element_type=\"widget\" data-widget_type=\"image-box.default\">\n\t\t\t\t<div class=\"elementor-widget-container\">\n\t\t\t\t\t<div class=\"elementor-image-box-wrapper\"><figure class=\"elementor-image-box-img\"><img loading=\"lazy\" decoding=\"async\" width=\"530\" height=\"366\" src=\"https:\/\/www.centrocontigo.com\/wp-content\/uploads\/2025\/10\/Captura-de-pantalla-2025-10-15-a-las-21.35.03.png\" class=\"attachment-full size-full wp-image-516\" alt=\"\" srcset=\"https:\/\/www.centrocontigo.com\/wp-content\/uploads\/2025\/10\/Captura-de-pantalla-2025-10-15-a-las-21.35.03.png 530w, https:\/\/www.centrocontigo.com\/wp-content\/uploads\/2025\/10\/Captura-de-pantalla-2025-10-15-a-las-21.35.03-300x207.png 300w\" sizes=\"(max-width: 530px) 100vw, 530px\" \/><\/figure><div class=\"elementor-image-box-content\"><h3 class=\"elementor-image-box-title\">Diagn\u00f3stico precoz de la displasia del desarrollo de la cadera.<\/h3><p class=\"elementor-image-box-description\">Nuestro equipo cuenta con un traumat\u00f3logo infantil especializado en el diagn\u00f3stico precoz, a trav\u00e9s de la ecograf\u00eda, de la displasia del desarrollo de la cadera. La ecograf\u00eda permite realizar un diagn\u00f3stico temprano, para iniciar un tratamiento \u00f3ptimo y evitar complicaciones a largo plazo. <br>\nNuestro equipo m\u00e9dico especializado te brindar\u00e1 el apoyo necesario para el diagn\u00f3stico, tratamiento y seguimiento de los problemas de cadera de tu reci\u00e9n nacido. \n<\/p><\/div><\/div>\t\t\t\t<\/div>\n\t\t\t\t<\/div>\n\t\t\t\t<div class=\"elementor-element elementor-element-f960b3b elementor-position-left elementor-vertical-align-middle elementor-widget elementor-widget-image-box\" data-id=\"f960b3b\" data-element_type=\"widget\" data-widget_type=\"image-box.default\">\n\t\t\t\t<div class=\"elementor-widget-container\">\n\t\t\t\t\t<div class=\"elementor-image-box-wrapper\"><figure class=\"elementor-image-box-img\"><img loading=\"lazy\" decoding=\"async\" width=\"604\" height=\"334\" src=\"https:\/\/www.centrocontigo.com\/wp-content\/uploads\/2025\/10\/Captura-de-pantalla-2025-10-29-a-las-20.39.49.png\" class=\"attachment-full size-full wp-image-598\" alt=\"\" srcset=\"https:\/\/www.centrocontigo.com\/wp-content\/uploads\/2025\/10\/Captura-de-pantalla-2025-10-29-a-las-20.39.49.png 604w, https:\/\/www.centrocontigo.com\/wp-content\/uploads\/2025\/10\/Captura-de-pantalla-2025-10-29-a-las-20.39.49-300x166.png 300w\" sizes=\"(max-width: 604px) 100vw, 604px\" \/><\/figure><div class=\"elementor-image-box-content\"><h3 class=\"elementor-image-box-title\">Extracciones anal\u00edticas.<\/h3><p class=\"elementor-image-box-description\">Realizamos extracciones anal\u00edticas para ni\u00f1os y adultos. \nCuidamos cada detalle para que la experiencia sea segura, r\u00e1pida y tranquila, especialmente en los m\u00e1s peque\u00f1os.\nColaboramos con laboratorios de referencia que garantizan resultados precisos y en el menor tiempo posible.\n<\/p><\/div><\/div>\t\t\t\t<\/div>\n\t\t\t\t<\/div>\n\t\t\t\t<div class=\"elementor-element elementor-element-b248216 elementor-position-left elementor-vertical-align-middle elementor-widget elementor-widget-image-box\" data-id=\"b248216\" data-element_type=\"widget\" data-widget_type=\"image-box.default\">\n\t\t\t\t<div class=\"elementor-widget-container\">\n\t\t\t\t\t<div class=\"elementor-image-box-wrapper\"><figure class=\"elementor-image-box-img\"><img loading=\"lazy\" decoding=\"async\" width=\"588\" height=\"394\" src=\"https:\/\/www.centrocontigo.com\/wp-content\/uploads\/2025\/10\/Captura-de-pantalla-2025-10-15-a-las-21.38.58.png\" class=\"attachment-full size-full wp-image-517\" alt=\"\" srcset=\"https:\/\/www.centrocontigo.com\/wp-content\/uploads\/2025\/10\/Captura-de-pantalla-2025-10-15-a-las-21.38.58.png 588w, https:\/\/www.centrocontigo.com\/wp-content\/uploads\/2025\/10\/Captura-de-pantalla-2025-10-15-a-las-21.38.58-300x201.png 300w\" sizes=\"(max-width: 588px) 100vw, 588px\" \/><\/figure><div class=\"elementor-image-box-content\"><h3 class=\"elementor-image-box-title\">Talleres<\/h3><p class=\"elementor-image-box-description\">Realizamos talleres tanto a domicilio, en el centro y dirigidos a empresas, de manera personalizada y adaptada a las necesidades. <br>\n- Taller de primeros auxilios de ni\u00f1os y adultos. <br>- Alimentaci\u00f3n hasta los 2 a\u00f1os.<br>- Taller de sue\u00f1o. <br>- Curso preparaci\u00f3n al parto. <\/p><\/div><\/div>\t\t\t\t<\/div>\n\t\t\t\t<\/div>\n\t\t\t\t\t<\/div>\n\t\t<\/div>\n\t\t\t\t\t<\/div>\n\t\t<\/section>\n\t\t\t\t<\/div>\n\t\t","protected":false},"excerpt":{"rendered":"<p>Asesoramiento prenatal. Durante el embarazo, y especialmente en embarazos de riesgo, es fundamental contar con una orientaci\u00f3n adecuada. A trav\u00e9s de nuestra consulta prenatal ofrecemos un acompa\u00f1amiento y asesoramiento especializado para cuidar del bienestar del beb\u00e9 y de toda la familia antes, durante y despu\u00e9s del nacimiento. Entendemos el embarazo como una experiencia compartida, por [&hellip;]<\/p>\n","protected":false},"author":1,"featured_media":0,"parent":0,"menu_order":0,"comment_status":"closed","ping_status":"closed","template":"","meta":{"footnotes":""},"class_list":["post-22","page","type-page","status-publish","hentry"],"_links":{"self":[{"href":"https:\/\/www.centrocontigo.com\/index.php\/wp-json\/wp\/v2\/pages\/22","targetHints":{"allow":["GET"]}}],"collection":[{"href":"https:\/\/www.centrocontigo.com\/index.php\/wp-json\/wp\/v2\/pages"}],"about":[{"href":"https:\/\/www.centrocontigo.com\/index.php\/wp-json\/wp\/v2\/types\/page"}],"author":[{"embeddable":true,"href":"https:\/\/www.centrocontigo.com\/index.php\/wp-json\/wp\/v2\/users\/1"}],"replies":[{"embeddable":true,"href":"https:\/\/www.centrocontigo.com\/index.php\/wp-json\/wp\/v2\/comments?post=22"}],"version-history":[{"count":46,"href":"https:\/\/www.centrocontigo.com\/index.php\/wp-json\/wp\/v2\/pages\/22\/revisions"}],"predecessor-version":[{"id":601,"href":"https:\/\/www.centrocontigo.com\/index.php\/wp-json\/wp\/v2\/pages\/22\/revisions\/601"}],"wp:attachment":[{"href":"https:\/\/www.centrocontigo.com\/index.php\/wp-json\/wp\/v2\/media?parent=22"}],"curies":[{"name":"wp","href":"https:\/\/api.w.org\/{rel}","templated":true}]}}